{"id":1096,"date":"2016-01-06T13:11:34","date_gmt":"2016-01-06T13:11:34","guid":{"rendered":"http:\/\/anpsthemes.com\/construction\/?page_id=1096"},"modified":"2023-07-13T16:22:16","modified_gmt":"2023-07-13T16:22:16","slug":"home-2","status":"publish","type":"page","link":"https:\/\/tkseng.com.br\/","title":{"rendered":"Home"},"content":{"rendered":"<p>[vc_row full_width=&#8221;stretch_row_content_no_spaces&#8221; css=&#8221;.vc_custom_1633355619479{margin-bottom: 0px !important;padding-bottom: 0px !important;}&#8221;][vc_column][vc_column_text css=&#8221;.vc_custom_1633354468874{margin-top: -80px !important;}&#8221;]\n\t\t\t<!-- START Slider 2 REVOLUTION SLIDER 6.5.5 --><p class=\"rs-p-wp-fix\"><\/p>\n\t\t\t<rs-module-wrap id=\"rev_slider_1_1_wrapper\" data-source=\"gallery\" style=\"visibility:hidden;background:transparent;padding:0;\">\n\t\t\t\t<rs-module id=\"rev_slider_1_1\" style=\"\" data-version=\"6.5.5\">\n\t\t\t\t\t<rs-slides>\n\t\t\t\t\t\t<rs-slide style=\"position: absolute;\" data-key=\"rs-1\" data-title=\"Slide\" data-in=\"o:0;row:400;\">\n\t\t\t\t\t\t\t<img loading=\"lazy\" decoding=\"async\" src=\"\/\/tkseng.com.br\/wp-content\/plugins\/revslider\/public\/assets\/assets\/dummy.png\" title=\"CAJU\u00cdNA I &#8211; TKS\" width=\"1280\" height=\"720\" class=\"rev-slidebg tp-rs-img rs-lazyload\" data-lazyload=\"\/\/tkseng.com.br\/wp-content\/uploads\/2023\/07\/WhatsApp-Image-2023-07-04-at-15.23.04-1.jpg\" data-bg=\"p:center bottom;\" data-parallax=\"off\" data-no-retina>\n<!---->\t\t\t\t\t\t<\/rs-slide>\n\t\t\t\t\t<\/rs-slides>\n\t\t\t\t<\/rs-module>\n\t\t\t\t<script type=\"text\/javascript\">\n\t\t\t\t\tsetREVStartSize({c: 'rev_slider_1_1',rl:[1240,1024,778,480],el:[650,600,700,600],gw:[1140,1140,778,480],gh:[650,600,700,600],type:'standard',justify:'',layout:'fullscreen',offsetContainer:'',offset:'',mh:\"0\"});if (window.RS_MODULES!==undefined && window.RS_MODULES.modules!==undefined && window.RS_MODULES.modules[\"revslider11\"]!==undefined) {window.RS_MODULES.modules[\"revslider11\"].once = false;window.revapi1 = undefined;window.RS_MODULES.checkMinimal()}\n\t\t\t\t<\/script>\n\t\t\t<\/rs-module-wrap>\n\t\t\t<!-- END REVOLUTION SLIDER -->\n[\/vc_column_text][vc_empty_space height=&#8221;80px&#8221;][\/vc_column][\/vc_row][vc_row full_width=&#8221;stretch_row&#8221; css=&#8221;.vc_custom_1633355549677{margin-top: -60px !important;margin-bottom: 0px !important;padding-bottom: 0px !important;}&#8221; el_id=&#8221;sobre&#8221;][vc_column width=&#8221;1\/2&#8243;][vc_custom_heading text=&#8221;Quem somos&#8221; google_fonts=&#8221;font_family:Roboto%3A100%2C100italic%2C300%2C300italic%2Cregular%2Citalic%2C500%2C500italic%2C700%2C700italic%2C900%2C900italic|font_style:500%20bold%20regular%3A500%3Anormal&#8221;][vc_column_text]<span style=\"color: #000000; font-size: 18px;\">A TKS Engenharia e Servi\u00e7os foi fundada com o objetivo de proporcionar um atendimento direcionado, focado nas reais necessidades dos clientes, visando transpar\u00eancia e parceria nas atividades. A TKS abrange atividades preliminares, desde estudos de viabilidade, pr\u00e9-projetos, engenharias, passando por todas as atividades de implanta\u00e7\u00e3o, supervis\u00e3o, consultoria at\u00e9 a atividades de O&amp;M, ou seja, em todas as etapas do projeto, desde o seu nascimento at\u00e9 a opera\u00e7\u00e3o.<\/span>[\/vc_column_text][vc_empty_space height=&#8221;30px&#8221;][\/vc_column][vc_column width=&#8221;1\/2&#8243;][vc_single_image image=&#8221;2344&#8243; img_size=&#8221;full&#8221;][vc_empty_space height=&#8221;30px&#8221;][\/vc_column][\/vc_row][vc_row full_width=&#8221;stretch_row&#8221; css=&#8221;.vc_custom_1633355556454{margin-top: -60px !important;margin-bottom: 0px !important;padding-bottom: 0px !important;}&#8221; el_id=&#8221;area&#8221;][vc_column][vc_custom_heading text=&#8221;\u00c1rea de Atua\u00e7\u00e3o&#8221; google_fonts=&#8221;font_family:Roboto%3A100%2C100italic%2C300%2C300italic%2Cregular%2Citalic%2C500%2C500italic%2C700%2C700italic%2C900%2C900italic|font_style:500%20bold%20regular%3A500%3Anormal&#8221;][vc_empty_space height=&#8221;30px&#8221;][\/vc_column][\/vc_row][vc_row full_width=&#8221;stretch_row&#8221;][vc_column width=&#8221;1\/2&#8243;][vc_single_image image=&#8221;2234&#8243; img_size=&#8221;722&#215;100&#8243;][vc_column_text]<\/p>\n<ul>\n<li>Prospec\u00e7\u00e3o e sele\u00e7\u00e3o de \u00e1reas e locais de parques e\u00f3licos, solares e PCH<\/li>\n<li>Estudos de Viabilidade (recurso e\u00f3lico, conex\u00e3o de rede, estudos de rotas e<\/li>\n<li>portos, aspectos ambientais e sociais)<\/li>\n<li>An\u00e1lises econ\u00f4mico-financeiras<\/li>\n<li>Estudos geot\u00e9cnicos<\/li>\n<li>Estudos topogr\u00e1ficos<\/li>\n<li>Estudos hidrol\u00f3gicos<\/li>\n<li>Documenta\u00e7\u00e3o e libera\u00e7\u00f5es em \u00f3rg\u00e3os ambientais e fundi\u00e1rios<\/li>\n<\/ul>\n<p>[\/vc_column_text][\/vc_column][vc_column width=&#8221;1\/2&#8243;][vc_single_image image=&#8221;2238&#8243; img_size=&#8221;722&#215;100&#8243;][vc_column_text]<\/p>\n<ul>\n<li class=\"featured-desc\">GRANDES CORRETIVAS E MANUTEN\u00c7\u00d5ES \u2013 OM<\/li>\n<li class=\"featured-desc\">P.E Ventos de Santa Br\u00edgida IV (PE) \u2013 C\u00fabico Sustainable Investments<br \/>\nAES Brasil<\/li>\n<li class=\"featured-desc\">SUPERVIS\u00c3O E GEST\u00c3O DE OPERA\u00c7\u00c3O E MANUTEN\u00c7\u00c3O \u2013 OM<br \/>\nComplexo E\u00f3lico Ventus (RN) &#8211; AES Brasil<\/li>\n<li class=\"featured-desc\">ESPECIALISTA EM BOP<br \/>\nComplexo E\u00f3lico Ventus (RN) &#8211; AES Brasil<\/li>\n<\/ul>\n<p>[\/vc_column_text][\/vc_column][\/vc_row][vc_row full_width=&#8221;stretch_row&#8221;][vc_column width=&#8221;1\/2&#8243;][vc_single_image image=&#8221;2239&#8243; img_size=&#8221;722&#215;100&#8243;][vc_column_text]<\/p>\n<ul>\n<li>Engenharia do Propriet\u00e1rio<\/li>\n<li>Supervis\u00e3o de montagem, de BOP CIVIL e BOP El\u00e9trico<\/li>\n<li>Supervis\u00e3o de seguran\u00e7a, qualidade e log\u00edstica em todos os processos<\/li>\n<li>Assessoria para negocia\u00e7\u00e3o de Contratos TSA, O&amp;M com OeM<\/li>\n<li>Relat\u00f3rios dos resumos de projetos para entidades financeiras<\/li>\n<li>Inspe\u00e7\u00f5es de qualidade de obra e qualidade em f\u00e1bricas, fornecedores e em portos<\/li>\n<li>Revis\u00e3o de Engenharia<\/li>\n<li>Auditorias de montagem e instala\u00e7\u00e3o eletromec\u00e2nica<\/li>\n<li>Planifica\u00e7\u00e3o e controle de custos<\/li>\n<li>Gest\u00e3o de documenta\u00e7\u00e3o<\/li>\n<li>Plano de seguran\u00e7a e sa\u00fade\u00a0e plano de gest\u00e3o ambiental<\/li>\n<\/ul>\n<p>[\/vc_column_text][vc_empty_space height=&#8221;40px&#8221;][\/vc_column][vc_column width=&#8221;1\/2&#8243;][vc_single_image image=&#8221;2240&#8243; img_size=&#8221;722&#215;100&#8243;][vc_column_text]<\/p>\n<ul>\n<li>Gest\u00e3o de parque e\u00f3lico<\/li>\n<li>Informa\u00e7\u00f5es e relat\u00f3rios mensais<\/li>\n<li>Assessoria independente de rendimento de aerogeradores<\/li>\n<li>An\u00e1lises de dados de SCADA para identificar poss\u00edvel baixo rendimento dentro do parque e\u00f3lico<\/li>\n<li>Assist\u00eancia em negocia\u00e7\u00f5es com fabricante durante os problemas de rendimento do parque e\u00f3lico<\/li>\n<li>Inspe\u00e7\u00f5es mec\u00e2nicas<\/li>\n<li>Auditorias de situa\u00e7\u00e3o de aerogeradores<\/li>\n<li>Inspe\u00e7\u00e3o de p\u00e1s atrav\u00e9s de uso de drones e telesc\u00f3pio no solo<\/li>\n<\/ul>\n<p>[\/vc_column_text][vc_empty_space height=&#8221;40px&#8221;][\/vc_column][\/vc_row][vc_row full_width=&#8221;stretch_row&#8221; css=&#8221;.vc_custom_1633451098513{margin-top: -60px !important;margin-bottom: px !important;padding-bottom: 0px !important;background-color: #f2f2f2 !important;}&#8221; el_id=&#8221;portfolio&#8221;][vc_column][vc_custom_heading text=&#8221;Portf\u00f3lio&#8221; google_fonts=&#8221;font_family:Roboto%3A100%2C100italic%2C300%2C300italic%2Cregular%2Citalic%2C500%2C500italic%2C700%2C700italic%2C900%2C900italic|font_style:500%20bold%20regular%3A500%3Anormal&#8221;][vc_single_image image=&#8221;2415&#8243; img_size=&#8221;109&#215;62&#8243;][\/vc_column][\/vc_row][vc_row full_width=&#8221;stretch_row&#8221; css=&#8221;.vc_custom_1633451090419{margin-top: -20px !important;margin-bottom: 0px !important;padding-top: 0px !important;padding-bottom: 70px !important;background-color: #f2f2f2 !important;}&#8221;][vc_column width=&#8221;1\/2&#8243;][vc_column_text]COMISSIONAMENTO DE TURBINAS E\u00d3LICAS:<\/p>\n<ul>\n<li>844 MW &#8211; P.E Lagoa dos Ventos (PI) \u2013 Nordex Acciona<\/li>\n<li>231,25 MW \u2013 P.E S\u00e3o Fernando (RN) \u2013 Nordex Acciona<\/li>\n<li>P.E San Carlos (MX) \u2013 Nordex Acciona<\/li>\n<li>P.E Garob (SA) \u2013 Nordex Acciona<\/li>\n<li>P.E Copperton (SA) \u2013 Nordex Acciona<\/li>\n<\/ul>\n<p>[\/vc_column_text][vc_column_text]SUPERVIS\u00c3O DE MONTAGEM:<\/p>\n<ul>\n<li>844 MW \u2013 P.E Lagoa dos Ventos (PI) \u2013 Nordex Acciona<\/li>\n<li>Complexo E\u00f3lico Chafariz (BA) \u2013 Siemens Gamesa<\/li>\n<\/ul>\n<p>REMATES E FINALIZA\u00c7\u00c3O DE TURBINAS:<\/p>\n<ul>\n<li>844 MW \u2013 P.E Lagoa dos Ventos (PI) \u2013 Nordex Acciona<\/li>\n<\/ul>\n<p>ENGENHARIA DE PROPRIET\u00c1RIO:<\/p>\n<ul>\n<li>75,6MW &#8211; P.E Lagoa do Barro Extens\u00e3o (PI) \u2013 CGN Brazil Energy<\/li>\n<\/ul>\n<p>SUPERVIS\u00c3O DE SEGURAN\u00c7A E QUALIDADE:<\/p>\n<ul>\n<li>75,6MW &#8211; P.E Lagoa do Barro Extens\u00e3o (PI) \u2013 CGN Brazil Energy<\/li>\n<\/ul>\n<p>GRANDES CORRETIVAS E MANUTEN\u00c7\u00d5ES \u2013 OM:<\/p>\n<ul>\n<li>P.E Ventos de Santa Br\u00edgida IV (PE) \u2013 C\u00fabico Sustainable Investments<br \/>\nAES Brasil<\/li>\n<\/ul>\n<p>[\/vc_column_text][\/vc_column][vc_column width=&#8221;1\/2&#8243;][vc_column_text]SUPERVIS\u00c3O E GEST\u00c3O DE OPERA\u00c7\u00c3O E MANUTEN\u00c7\u00c3O \u2013 OM:<\/p>\n<ul>\n<li>Complexo E\u00f3lico Ventus (RN) &#8211; AES Brasil<\/li>\n<\/ul>\n<p>ESPECIALISTA EM BOP:<\/p>\n<ul>\n<li>Complexo E\u00f3lico Ventus (RN) &#8211; AES Brasil<\/li>\n<\/ul>\n<p>[\/vc_column_text][vc_column_text]CONSULTORIA, SUPERVIS\u00c3O E GEST\u00c3O DE MONTAGEM DE PARQUES E\u00d3LICOS<\/p>\n<ul>\n<li>AES Energy<\/li>\n<li>Enel<\/li>\n<li>Nordex Acciona<\/li>\n<\/ul>\n<p>CONSULTORIA EM IMPLANTA\u00c7\u00c3O, GEST\u00c3O E PLANEJAMENTO DA FABRICA\u00c7\u00c3O, TRANSPORTE E MONTAGEM DE TORRES DE CONCRETO<\/p>\n<p>ESTUDO, COMPATIBILIZA\u00c7\u00c3O E AN\u00c1LISE DE PROPOSTAS DE FORNECIMENTO DE AEROGERADORES<\/p>\n<p>FISCALIZA\u00c7\u00c3O DE OBRAS EM PARQUES SOLARES:<\/p>\n<ul>\n<li>Parque Solar Nova Olinda (PI) \u2013 CGN Brazil Energy<\/li>\n<li>Parque Solva Lapa (PI) \u2013 CGN Brazil Energy<\/li>\n<\/ul>\n<p>[\/vc_column_text][\/vc_column][\/vc_row][vc_row full_width=&#8221;stretch_row&#8221; css=&#8221;.vc_custom_1633362926068{margin-top: -100px !important;margin-bottom: 0px !important;background-color: #f2f2f2 !important;background-position: center !important;background-repeat: no-repeat !important;background-size: cover !important;}&#8221; el_class=&#8221;jumbotron&#8221;][vc_column width=&#8221;1\/3&#8243;][vc_column_text]<\/p>\n<p style=\"text-align: left;\"><img loading=\"lazy\" decoding=\"async\" class=\"wp-image-2388 alignnone\" src=\"http:\/\/tkseng.com.br\/wp-content\/uploads\/2021\/10\/download.png\" alt=\"\" width=\"105\" height=\"70\" \/><br \/>\nAFRICA DO SUL<br \/>\nComissionamento de Turbinas E\u00f3licas<br \/>\nMontagem de Parques E\u00f3licos<br \/>\nP.E Garob (SA) \u2013 Nordex Acciona 126 MW<\/p>\n<p>[\/vc_column_text][\/vc_column][vc_column width=&#8221;1\/3&#8243;][vc_column_text]<img loading=\"lazy\" decoding=\"async\" class=\"alignnone wp-image-2389\" src=\"http:\/\/tkseng.com.br\/wp-content\/uploads\/2021\/10\/download-1.png\" alt=\"\" width=\"109\" height=\"62\" \/><br \/>\nMEXICO<br \/>\nComissionamento de Turbinas E\u00f3licas<br \/>\nMontagem de Parques E\u00f3licos<br \/>\nP.E San Carlos (MX) \u2013 Nordex Acciona 210 MW[\/vc_column_text][\/vc_column][vc_column width=&#8221;1\/3&#8243;][vc_column_text]<img loading=\"lazy\" decoding=\"async\" class=\"alignnone wp-image-2390\" src=\"http:\/\/tkseng.com.br\/wp-content\/uploads\/2021\/10\/255px-Flag_of_Chile.svg_.png\" alt=\"\" width=\"105\" height=\"70\" \/><br \/>\nCHILE<br \/>\nConsultoria, Supervis\u00e3o e Gest\u00e3o de<br \/>\nMontagem de Parques E\u00f3licos<br \/>\nP.E. Los Olmos 96,6 MW[\/vc_column_text][\/vc_column][\/vc_row][vc_row full_width=&#8221;stretch_row&#8221; css=&#8221;.vc_custom_1633361215619{margin-bottom: 0px !important;background-color: #f2f2f2 !important;background-position: center !important;background-repeat: no-repeat !important;background-size: cover !important;}&#8221; el_class=&#8221;jumbotron&#8221;][vc_column][vc_custom_heading text=&#8221;Galeria&#8221; google_fonts=&#8221;font_family:Roboto%3A100%2C100italic%2C300%2C300italic%2Cregular%2Citalic%2C500%2C500italic%2C700%2C700italic%2C900%2C900italic|font_style:500%20bold%20regular%3A500%3Anormal&#8221;][vc_gallery type=&#8221;image_grid&#8221; images=&#8221;2372,2373,2374,2375,2376,2377,2378,2379,2344,2384,2385,2394,2395,2396,2399,2400,2401,2402,2403,2404,2406&#8243;][\/vc_column][\/vc_row][vc_row full_width=&#8221;stretch_row&#8221; css=&#8221;.vc_custom_1633356477197{background-color: #f2f2f2 !important;}&#8221;][vc_column][vc_separator border_width=&#8221;8&#8243;][vc_custom_heading text=&#8221;Clientes e Parceiros&#8221; use_theme_fonts=&#8221;yes&#8221; el_class=&#8221;title&#8221;][vc_images_carousel images=&#8221;2255,2256,2257,2258,2259,2260,2261,2262,2271,2265,2272,2266,2267,2268&#8243; img_size=&#8221;1200&#215;80&#8243; onclick=&#8221;link_no&#8221; slides_per_view=&#8221;5&#8243; autoplay=&#8221;yes&#8221; hide_pagination_control=&#8221;yes&#8221; wrap=&#8221;yes&#8221;][\/vc_column][\/vc_row][vc_row full_width=&#8221;stretch_row&#8221; css=&#8221;.vc_custom_1633359305424{margin-bottom: -100px !important;background-color: #053d56 !important;}&#8221; el_id=&#8221;contato&#8221;][vc_column width=&#8221;5\/12&#8243;][vc_column_text][\/vc_column_text][vc_empty_space height=&#8221;50px&#8221;][\/vc_column][vc_column width=&#8221;7\/12&#8243;][vc_custom_heading text=&#8221;Contatos&#8221; font_container=&#8221;tag:h2|text_align:left|color:%23ffffff&#8221; google_fonts=&#8221;font_family:Roboto%3A100%2C100italic%2C300%2C300italic%2Cregular%2Citalic%2C500%2C500italic%2C700%2C700italic%2C900%2C900italic|font_style:500%20bold%20regular%3A500%3Anormal&#8221;][vc_column_text]<\/p>\n<h3><span style=\"color: #ffffff;\">+ 55 41 99948-2466<\/span><\/h3>\n<h3><span style=\"color: #ffffff;\">rafael@tkseng.com.br<\/span><\/h3>\n<p>[\/vc_column_text][vc_column_text]<span style=\"font-size: 18px;\"><strong><span style=\"color: #ffffff;\">Acesse nosso Linkedin<\/span><\/strong><\/span>[\/vc_column_text][vc_icon icon_fontawesome=&#8221;fab fa-linkedin&#8221; color=&#8221;grey&#8221; size=&#8221;xl&#8221; link=&#8221;url:https%3A%2F%2Fwww.linkedin.com%2Fcompany%2Ftks-engenharia-e-servi%25C3%25A7os-ltda%2F&#8221;][vc_empty_space height=&#8221;50px&#8221;][\/vc_column][\/vc_row]<\/p>\n","protected":false},"excerpt":{"rendered":"<p>[vc_row full_width=&#8221;stretch_row_content_no_spaces&#8221; css=&#8221;.vc_custom_1633355619479{margin-bottom: 0px !important;padding-bottom: 0px !important;}&#8221;][vc_column][vc_column_text css=&#8221;.vc_custom_1633354468874{margin-top: -80px !important;}&#8221;][\/vc_column_text][vc_empty_space height=&#8221;80px&#8221;][\/vc_column][\/vc_row][vc_row full_width=&#8221;stretch_row&#8221; css=&#8221;.vc_custom_1633355549677{margin-top: -60px !important;margin-bottom: 0px !important;padding-bottom: 0px !important;}&#8221; el_id=&#8221;sobre&#8221;][vc_column width=&#8221;1\/2&#8243;][vc_custom_heading text=&#8221;Quem somos&#8221; google_fonts=&#8221;font_family:Roboto%3A100%2C100italic%2C300%2C300italic%2Cregular%2Citalic%2C500%2C500italic%2C700%2C700italic%2C900%2C900italic|font_style:500%20bold%20regular%3A500%3Anormal&#8221;][vc_column_text]A TKS Engenharia e Servi\u00e7os foi fundada com o objetivo de proporcionar um atendimento direcionado, focado nas reais necessidades dos clientes, visando transpar\u00eancia e parceria nas atividades. A TKS abrange atividades preliminares, [&hellip;]<\/p>\n","protected":false},"author":1,"featured_media":0,"parent":0,"menu_order":0,"comment_status":"closed","ping_status":"closed","template":"","meta":{"footnotes":""},"yst_prominent_words":[],"class_list":["post-1096","page","type-page","status-publish","hentry"],"yoast_head":"<!-- This site is optimized with the Yoast SEO Premium plugin v14.1 - https:\/\/yoast.com\/wordpress\/plugins\/seo\/ -->\n<title>Home - tkseng.com.br<\/title>\n<meta name=\"robots\" content=\"index, follow\" \/>\n<meta name=\"googlebot\" content=\"index, follow, max-snippet:-1, max-image-preview:large, max-video-preview:-1\" \/>\n<meta name=\"bingbot\" content=\"index, follow, max-snippet:-1, max-image-preview:large, max-video-preview:-1\" \/>\n<link rel=\"canonical\" href=\"http:\/\/tkseng.com.br\/\" \/>\n<meta property=\"og:locale\" content=\"pt_BR\" \/>\n<meta property=\"og:type\" content=\"article\" \/>\n<meta property=\"og:title\" content=\"Home - tkseng.com.br\" \/>\n<meta property=\"og:description\" content=\"[vc_row full_width=&#8221;stretch_row_content_no_spaces&#8221; css=&#8221;.vc_custom_1633355619479{margin-bottom: 0px !important;padding-bottom: 0px !important;}&#8221;][vc_column][vc_column_text css=&#8221;.vc_custom_1633354468874{margin-top: -80px !important;}&#8221;][\/vc_column_text][vc_empty_space height=&#8221;80px&#8221;][\/vc_column][\/vc_row][vc_row full_width=&#8221;stretch_row&#8221; css=&#8221;.vc_custom_1633355549677{margin-top: -60px !important;margin-bottom: 0px !important;padding-bottom: 0px !important;}&#8221; el_id=&#8221;sobre&#8221;][vc_column width=&#8221;1\/2&#8243;][vc_custom_heading text=&#8221;Quem somos&#8221; google_fonts=&#8221;font_family:Roboto%3A100%2C100italic%2C300%2C300italic%2Cregular%2Citalic%2C500%2C500italic%2C700%2C700italic%2C900%2C900italic|font_style:500%20bold%20regular%3A500%3Anormal&#8221;][vc_column_text]A TKS Engenharia e Servi\u00e7os foi fundada com o objetivo de proporcionar um atendimento direcionado, focado nas reais necessidades dos clientes, visando transpar\u00eancia e parceria nas atividades. A TKS abrange atividades preliminares, [&hellip;]\" \/>\n<meta property=\"og:url\" content=\"http:\/\/tkseng.com.br\/\" \/>\n<meta property=\"og:site_name\" content=\"tkseng.com.br\" \/>\n<meta property=\"article:modified_time\" content=\"2023-07-13T16:22:16+00:00\" \/>\n<meta property=\"og:image\" content=\"http:\/\/tkseng.com.br\/wp-content\/uploads\/2021\/10\/download.png\" \/>\n<meta name=\"twitter:card\" content=\"summary_large_image\" \/>\n<script type=\"application\/ld+json\" class=\"yoast-schema-graph\">{\"@context\":\"https:\/\/schema.org\",\"@graph\":[{\"@type\":\"WebSite\",\"@id\":\"https:\/\/tkseng.com.br\/#website\",\"url\":\"https:\/\/tkseng.com.br\/\",\"name\":\"tkseng.com.br\",\"description\":\"\",\"potentialAction\":[{\"@type\":\"SearchAction\",\"target\":\"https:\/\/tkseng.com.br\/?s={search_term_string}\",\"query-input\":\"required name=search_term_string\"}],\"inLanguage\":\"pt-BR\"},{\"@type\":\"ImageObject\",\"@id\":\"http:\/\/tkseng.com.br\/#primaryimage\",\"inLanguage\":\"pt-BR\",\"url\":\"http:\/\/tkseng.com.br\/wp-content\/uploads\/2021\/10\/download.png\"},{\"@type\":\"WebPage\",\"@id\":\"http:\/\/tkseng.com.br\/#webpage\",\"url\":\"http:\/\/tkseng.com.br\/\",\"name\":\"Home - tkseng.com.br\",\"isPartOf\":{\"@id\":\"https:\/\/tkseng.com.br\/#website\"},\"primaryImageOfPage\":{\"@id\":\"http:\/\/tkseng.com.br\/#primaryimage\"},\"datePublished\":\"2016-01-06T13:11:34+00:00\",\"dateModified\":\"2023-07-13T16:22:16+00:00\",\"inLanguage\":\"pt-BR\",\"potentialAction\":[{\"@type\":\"ReadAction\",\"target\":[\"http:\/\/tkseng.com.br\/\"]}]}]}<\/script>\n<!-- \/ Yoast SEO Premium plugin. -->","_links":{"self":[{"href":"https:\/\/tkseng.com.br\/index.php\/wp-json\/wp\/v2\/pages\/1096","targetHints":{"allow":["GET"]}}],"collection":[{"href":"https:\/\/tkseng.com.br\/index.php\/wp-json\/wp\/v2\/pages"}],"about":[{"href":"https:\/\/tkseng.com.br\/index.php\/wp-json\/wp\/v2\/types\/page"}],"author":[{"embeddable":true,"href":"https:\/\/tkseng.com.br\/index.php\/wp-json\/wp\/v2\/users\/1"}],"replies":[{"embeddable":true,"href":"https:\/\/tkseng.com.br\/index.php\/wp-json\/wp\/v2\/comments?post=1096"}],"version-history":[{"count":175,"href":"https:\/\/tkseng.com.br\/index.php\/wp-json\/wp\/v2\/pages\/1096\/revisions"}],"predecessor-version":[{"id":2321,"href":"https:\/\/tkseng.com.br\/index.php\/wp-json\/wp\/v2\/pages\/1096\/revisions\/2321"}],"wp:attachment":[{"href":"https:\/\/tkseng.com.br\/index.php\/wp-json\/wp\/v2\/media?parent=1096"}],"wp:term":[{"taxonomy":"yst_prominent_words","embeddable":true,"href":"https:\/\/tkseng.com.br\/index.php\/wp-json\/wp\/v2\/yst_prominent_words?post=1096"}],"curies":[{"name":"wp","href":"https:\/\/api.w.org\/{rel}","templated":true}]}}